{"id":106,"date":"2025-05-05T13:34:27","date_gmt":"2025-05-05T11:34:27","guid":{"rendered":"https:\/\/www.betalectrice-alice.fr\/?page_id=106"},"modified":"2025-11-20T12:53:14","modified_gmt":"2025-11-20T11:53:14","slug":"mon-focntionnement","status":"publish","type":"page","link":"https:\/\/www.betalectrice-alice.fr\/?page_id=106","title":{"rendered":"Mon fonctionnement"},"content":{"rendered":"\n<h2 class=\"wp-block-heading has-text-align-center has-text-color has-link-color wp-elements-2ce9f6b736811af995f320f3e10717aa\" style=\"color:#459ff1\">Pourquoi me choisir pour b\u00eata-lire votre manuscrit ?<\/h2>\n\n\n\n<p class=\"has-text-align-center has-source-serif-pro-font-family\" style=\"line-height:1.4\">En tant que b\u00eata-lectrice j&rsquo;ai aid\u00e9 plusieurs auteurs \u00e0 am\u00e9liorer leur histoire en m&rsquo;effor\u00e7ant au maximum de relever toutes les incoh\u00e9rences possibles, chapitre par chapitre.<\/p>\n\n\n\n<p class=\"has-text-align-center has-source-serif-pro-font-family\" style=\"line-height:1.4\">Je propose une lecture honn\u00eate et bienveillante de votre manuscrit avant qu\u2019il soit envoy\u00e9 \u00e0 une maison d\u2019\u00e9dition ou auto-publi\u00e9.<\/p>\n\n\n\n<p class=\"has-text-align-center has-source-serif-pro-font-family\" style=\"line-height:1.4\">Je porte une attention toute particuli\u00e8re \u00e0 la psychologie de tes personnages que je trouve essentielle pour la coh\u00e9rence de l&rsquo;histoire.<\/p>\n\n\n\n<p class=\"has-text-align-center\">De m\u00eame, pour captiver ton lectorat les premi\u00e8res pages sont tr\u00e8s importantes. J&rsquo;ai donc un regard professionnel sur le d\u00e9but de votre manuscrit.<\/p>\n\n\n\n<h2 class=\"wp-block-heading has-text-align-center has-text-color has-link-color wp-elements-61af7e06af17441897553d00f84e2d68\" style=\"color:#459ff1\">La b\u00eata-lecture que je r\u00e9alise<\/h2>\n\n\n\n<p>Lorsque je r\u00e9ceptionne un manuscrit, je le lis de mani\u00e8re m\u00e9thodique.<\/p>\n\n\n\n<p>Je note au fur et \u00e0 mesure de la lecture les \u00e9l\u00e9ments qu&rsquo;il faut modifier ou clarifier sur une note \u00e0 part. Ne comptez pas sur moi pour annoter directement le texte telle une copie d&rsquo;\u00e9cole. J&rsquo;estime qu&rsquo;un auteur n&rsquo;a pas besoin de voir son texte annot\u00e9 mais il est pr\u00e9f\u00e9rable qu&rsquo;il lise des retour \u00e0 part.<\/p>\n\n\n\n<p>Lorsque j&rsquo;ai termin\u00e9 la b\u00eata-lecture, je prends quelques jours pour laisser poser le texte avant de faire un retour, \u00e0 l&rsquo;oral initialement via un appel t\u00e9l\u00e9phonique pendant lequel j&rsquo;explique mes remarques.<\/p>\n\n\n\n<p>Par la suite l&rsquo;auteur re\u00e7oit trois documents par mail:<\/p>\n\n\n\n<ul class=\"wp-block-list\">\n<li>Une note comprenant mes remarques sur le fond et sur la forme. Pour cette derni\u00e8re j&rsquo;effectue un retour chapitre par chapitre si besoin<\/li>\n\n\n\n<li>Une grille analyse\/ risque qui permet que l&rsquo;auteur comprenne les points forts et les points fragiles de son texte.<\/li>\n\n\n\n<li>La facture du solde d\u00fb.<\/li>\n<\/ul>\n","protected":false},"excerpt":{"rendered":"<p>Pourquoi me choisir pour b\u00eata-lire votre manuscrit ? En tant que b\u00eata-lectrice j&rsquo;ai aid\u00e9 plusieurs auteurs \u00e0 am\u00e9liorer leur histoire en m&rsquo;effor\u00e7ant au maximum de relever toutes les incoh\u00e9rences possibles, chapitre par chapitre. Je propose une lecture honn\u00eate et bienveillante de votre manuscrit avant qu\u2019il soit envoy\u00e9 \u00e0 une maison d\u2019\u00e9dition ou auto-publi\u00e9. Je porte [&hellip;]<\/p>\n","protected":false},"author":1,"featured_media":0,"parent":0,"menu_order":3,"comment_status":"closed","ping_status":"closed","template":"","meta":{"footnotes":""},"class_list":["post-106","page","type-page","status-publish","hentry"],"_links":{"self":[{"href":"https:\/\/www.betalectrice-alice.fr\/index.php?rest_route=\/wp\/v2\/pages\/106","targetHints":{"allow":["GET"]}}],"collection":[{"href":"https:\/\/www.betalectrice-alice.fr\/index.php?rest_route=\/wp\/v2\/pages"}],"about":[{"href":"https:\/\/www.betalectrice-alice.fr\/index.php?rest_route=\/wp\/v2\/types\/page"}],"author":[{"embeddable":true,"href":"https:\/\/www.betalectrice-alice.fr\/index.php?rest_route=\/wp\/v2\/users\/1"}],"replies":[{"embeddable":true,"href":"https:\/\/www.betalectrice-alice.fr\/index.php?rest_route=%2Fwp%2Fv2%2Fcomments&post=106"}],"version-history":[{"count":6,"href":"https:\/\/www.betalectrice-alice.fr\/index.php?rest_route=\/wp\/v2\/pages\/106\/revisions"}],"predecessor-version":[{"id":113,"href":"https:\/\/www.betalectrice-alice.fr\/index.php?rest_route=\/wp\/v2\/pages\/106\/revisions\/113"}],"wp:attachment":[{"href":"https:\/\/www.betalectrice-alice.fr\/index.php?rest_route=%2Fwp%2Fv2%2Fmedia&parent=106"}],"curies":[{"name":"wp","href":"https:\/\/api.w.org\/{rel}","templated":true}]}}