{"id":149,"date":"2025-11-20T12:49:27","date_gmt":"2025-11-20T11:49:27","guid":{"rendered":"https:\/\/www.betalectrice-alice.fr\/?page_id=149"},"modified":"2025-11-20T12:55:06","modified_gmt":"2025-11-20T11:55:06","slug":"mon-roman","status":"publish","type":"page","link":"https:\/\/www.betalectrice-alice.fr\/?page_id=149","title":{"rendered":"Mon roman"},"content":{"rendered":"\n<figure class=\"wp-block-image size-large\"><img loading=\"lazy\" decoding=\"async\" width=\"657\" height=\"1024\" src=\"https:\/\/www.betalectrice-alice.fr\/wp-content\/uploads\/2025\/11\/ENTRE-TES-MAINS-ALICE-GIULIA-annonce-basic-657x1024.jpg\" alt=\"\" class=\"wp-image-151\" srcset=\"https:\/\/www.betalectrice-alice.fr\/wp-content\/uploads\/2025\/11\/ENTRE-TES-MAINS-ALICE-GIULIA-annonce-basic-657x1024.jpg 657w, https:\/\/www.betalectrice-alice.fr\/wp-content\/uploads\/2025\/11\/ENTRE-TES-MAINS-ALICE-GIULIA-annonce-basic-193x300.jpg 193w, https:\/\/www.betalectrice-alice.fr\/wp-content\/uploads\/2025\/11\/ENTRE-TES-MAINS-ALICE-GIULIA-annonce-basic-768x1197.jpg 768w, https:\/\/www.betalectrice-alice.fr\/wp-content\/uploads\/2025\/11\/ENTRE-TES-MAINS-ALICE-GIULIA-annonce-basic-986x1536.jpg 986w, https:\/\/www.betalectrice-alice.fr\/wp-content\/uploads\/2025\/11\/ENTRE-TES-MAINS-ALICE-GIULIA-annonce-basic-1314x2048.jpg 1314w, https:\/\/www.betalectrice-alice.fr\/wp-content\/uploads\/2025\/11\/ENTRE-TES-MAINS-ALICE-GIULIA-annonce-basic-scaled.jpg 1643w\" sizes=\"auto, (max-width: 657px) 100vw, 657px\" \/><\/figure>\n\n\n\n<p>En juin 2025, j&rsquo;ai \u00e9cris mon premier roman. Il s&rsquo;agit d&rsquo;une romance slow burn avec des personnages tr\u00e8s travaill\u00e9s.<\/p>\n\n\n\n<p>Si tu veux te le procurer tu peux le faire sur Amazon ou via ma boutique en ligne : <a href=\"https:\/\/alice-giulia.sumupstore.com\/\" data-type=\"link\" data-id=\"https:\/\/alice-giulia.sumupstore.com\/\">https:\/\/alice-giulia.sumupstore.com\/<\/a><\/p>\n\n\n\n<p><\/p>\n","protected":false},"excerpt":{"rendered":"<p>En juin 2025, j&rsquo;ai \u00e9cris mon premier roman. Il s&rsquo;agit d&rsquo;une romance slow burn avec des personnages tr\u00e8s travaill\u00e9s. Si tu veux te le procurer tu peux le faire sur Amazon ou via ma boutique en ligne : https:\/\/alice-giulia.sumupstore.com\/<\/p>\n","protected":false},"author":1,"featured_media":0,"parent":0,"menu_order":9,"comment_status":"closed","ping_status":"closed","template":"","meta":{"footnotes":""},"class_list":["post-149","page","type-page","status-publish","hentry"],"_links":{"self":[{"href":"https:\/\/www.betalectrice-alice.fr\/index.php?rest_route=\/wp\/v2\/pages\/149","targetHints":{"allow":["GET"]}}],"collection":[{"href":"https:\/\/www.betalectrice-alice.fr\/index.php?rest_route=\/wp\/v2\/pages"}],"about":[{"href":"https:\/\/www.betalectrice-alice.fr\/index.php?rest_route=\/wp\/v2\/types\/page"}],"author":[{"embeddable":true,"href":"https:\/\/www.betalectrice-alice.fr\/index.php?rest_route=\/wp\/v2\/users\/1"}],"replies":[{"embeddable":true,"href":"https:\/\/www.betalectrice-alice.fr\/index.php?rest_route=%2Fwp%2Fv2%2Fcomments&post=149"}],"version-history":[{"count":1,"href":"https:\/\/www.betalectrice-alice.fr\/index.php?rest_route=\/wp\/v2\/pages\/149\/revisions"}],"predecessor-version":[{"id":152,"href":"https:\/\/www.betalectrice-alice.fr\/index.php?rest_route=\/wp\/v2\/pages\/149\/revisions\/152"}],"wp:attachment":[{"href":"https:\/\/www.betalectrice-alice.fr\/index.php?rest_route=%2Fwp%2Fv2%2Fmedia&parent=149"}],"curies":[{"name":"wp","href":"https:\/\/api.w.org\/{rel}","templated":true}]}}