{"id":29,"date":"2025-04-10T11:59:38","date_gmt":"2025-04-10T09:59:38","guid":{"rendered":"https:\/\/www.betalectrice-alice.fr\/?page_id=29"},"modified":"2025-11-20T12:53:14","modified_gmt":"2025-11-20T11:53:14","slug":"presentation","status":"publish","type":"page","link":"https:\/\/www.betalectrice-alice.fr\/?page_id=29","title":{"rendered":"Pr\u00e9sentation"},"content":{"rendered":"\n<h2 class=\"wp-block-heading has-text-align-center has-vivid-cyan-blue-color has-text-color has-link-color wp-elements-876a32b8556a74cf3084e8d72295a7e5\">Qui suis-je ?<\/h2>\n\n\n\n<p class=\"has-text-align-center has-source-serif-pro-font-family\">La lecture fait partie de ma vie depuis toujours.<\/p>\n\n\n\n<p class=\"has-text-align-center has-source-serif-pro-font-family\">Depuis 2019,  j\u2019ai eu l\u2019occasion de lire toute sorte de romans et de d\u00e9couvrir des styles tr\u00e8s diff\u00e9rents. J\u2019ai plusieurs partenariats avec des grandes maisons d\u2019\u00e9ditions et j\u2019ai \u00e9t\u00e9 lectrice Charleston en 2023.<\/p>\n\n\n\n<p class=\"has-text-align-center has-source-serif-pro-font-family\">J\u2019ai donc d\u00e9cid\u00e9 de me professionnaliser et de proposer des b\u00eata-lectures et des conseils personnalis\u00e9s en fonction de mon exp\u00e9rience de lectrice.<\/p>\n\n\n\n<p class=\"has-text-align-center has-source-serif-pro-font-family\">Depuis 2023, j&rsquo;ai suivi une formation d&rsquo;auteur ainsi que plusieurs masterclass dont celles de Tonie Behar, Lucie Castel et Aur\u00e9lie Valognes.<\/p>\n\n\n\n<p class=\"has-text-align-center has-source-serif-pro-font-family\">Et en septembre 2023, je suis devenue b\u00eata-lectrice professionnelle et j&rsquo;ai cr\u00e9e mon auto-entreprise.<\/p>\n\n\n\n<p class=\"has-text-align-center has-source-serif-pro-font-family\">Depuis j&rsquo;ai eu la chance et le bonheur de corriger et lire plusieurs manuscrits pour des auteurs auto-\u00e9dit\u00e9s ou en maison d&rsquo;\u00e9ditions.<\/p>\n","protected":false},"excerpt":{"rendered":"<p>Qui suis-je ? La lecture fait partie de ma vie depuis toujours. Depuis 2019, j\u2019ai eu l\u2019occasion de lire toute sorte de romans et de d\u00e9couvrir des styles tr\u00e8s diff\u00e9rents. J\u2019ai plusieurs partenariats avec des grandes maisons d\u2019\u00e9ditions et j\u2019ai \u00e9t\u00e9 lectrice Charleston en 2023. J\u2019ai donc d\u00e9cid\u00e9 de me professionnaliser et de proposer des [&hellip;]<\/p>\n","protected":false},"author":1,"featured_media":0,"parent":0,"menu_order":1,"comment_status":"closed","ping_status":"closed","template":"","meta":{"footnotes":""},"class_list":["post-29","page","type-page","status-publish","hentry"],"_links":{"self":[{"href":"https:\/\/www.betalectrice-alice.fr\/index.php?rest_route=\/wp\/v2\/pages\/29","targetHints":{"allow":["GET"]}}],"collection":[{"href":"https:\/\/www.betalectrice-alice.fr\/index.php?rest_route=\/wp\/v2\/pages"}],"about":[{"href":"https:\/\/www.betalectrice-alice.fr\/index.php?rest_route=\/wp\/v2\/types\/page"}],"author":[{"embeddable":true,"href":"https:\/\/www.betalectrice-alice.fr\/index.php?rest_route=\/wp\/v2\/users\/1"}],"replies":[{"embeddable":true,"href":"https:\/\/www.betalectrice-alice.fr\/index.php?rest_route=%2Fwp%2Fv2%2Fcomments&post=29"}],"version-history":[{"count":5,"href":"https:\/\/www.betalectrice-alice.fr\/index.php?rest_route=\/wp\/v2\/pages\/29\/revisions"}],"predecessor-version":[{"id":114,"href":"https:\/\/www.betalectrice-alice.fr\/index.php?rest_route=\/wp\/v2\/pages\/29\/revisions\/114"}],"wp:attachment":[{"href":"https:\/\/www.betalectrice-alice.fr\/index.php?rest_route=%2Fwp%2Fv2%2Fmedia&parent=29"}],"curies":[{"name":"wp","href":"https:\/\/api.w.org\/{rel}","templated":true}]}}