{"id":33,"date":"2025-04-10T12:00:46","date_gmt":"2025-04-10T10:00:46","guid":{"rendered":"https:\/\/www.betalectrice-alice.fr\/?page_id=33"},"modified":"2025-11-20T12:53:14","modified_gmt":"2025-11-20T11:53:14","slug":"la-beta-lecture-professionnelle","status":"publish","type":"page","link":"https:\/\/www.betalectrice-alice.fr\/?page_id=33","title":{"rendered":"La b\u00eata-lecture professionnelle"},"content":{"rendered":"\n<h2 class=\"wp-block-heading has-text-align-center has-vivid-cyan-blue-color has-text-color has-link-color wp-elements-f6382b51f5bfb3ff24b214fcc98036bd\"><em>Le but de b\u00eata-lecture professionnelle<\/em><\/h2>\n\n\n\n<p class=\"has-text-align-center has-source-serif-pro-font-family\" style=\"line-height:1.4\">Lorsqu&rsquo;on finit le premier jet de son roman, il est obligatoire de relire voire r\u00e9\u00e9crire son texte. Cette \u00e9tape n&rsquo;est cependant pas suffisante pour corriger toutes les incoh\u00e9rences du manuscrit.<\/p>\n\n\n\n<p class=\"has-text-align-center has-source-serif-pro-font-family\" style=\"line-height:1.4\">Suite \u00e0 cette relecture\/ r\u00e9\u00e9criture, vient l&rsquo;\u00e9tape n\u00e9cessaire de la b\u00eata-lecture.<\/p>\n\n\n\n<p class=\"has-text-align-center has-source-serif-pro-font-family\" style=\"line-height:1.4\">L&rsquo;objectif principal d&rsquo;une b\u00eata-lecture est d&rsquo;avoir l&rsquo;avis d&rsquo;un tiers sur son manuscrite mais \u00e9galement tester la coh\u00e9rence  de l&rsquo;histoire et le cr\u00e9dibilit\u00e9 des personnages. <\/p>\n\n\n\n<p class=\"has-text-align-center has-source-serif-pro-font-family\" style=\"line-height:1.4\">Le but d&rsquo;une b\u00eata-lecture est donc d\u2019am\u00e9liorer un texte avec un avis d&rsquo;un lecteur qui a plus de recul sur l&rsquo;histoire.<\/p>\n\n\n\n<p class=\"has-text-align-center has-source-serif-pro-font-family\" style=\"line-height:1.4\">La diff\u00e9rence entre une b\u00eata-lecture faite par un proche et celle faite par un personne qui ne vous connait pas c&rsquo;est essentiellement la neutralit\u00e9 de son avis.<\/p>\n\n\n\n<p class=\"has-text-align-center has-source-serif-pro-font-family\" style=\"line-height:1.4\">La b\u00eata-lecture professionnelle quant \u00e0 elle apporte une comp\u00e9tence et une exp\u00e9rience accrue de la personne qui vous lie et qui est habitu\u00e9e \u00e0 traquer les incoh\u00e9rences et erreur de style pour rendre vos histoire la plus aboutie possible.<\/p>\n\n\n\n<div style=\"height:100px\" aria-hidden=\"true\" class=\"wp-block-spacer\"><\/div>\n\n\n\n<p><\/p>\n\n\n\n<p><\/p>\n\n\n\n<p><\/p>\n\n\n\n<div style=\"height:100px\" aria-hidden=\"true\" class=\"wp-block-spacer\"><\/div>\n\n\n\n<p><\/p>\n","protected":false},"excerpt":{"rendered":"<p>Le but de b\u00eata-lecture professionnelle Lorsqu&rsquo;on finit le premier jet de son roman, il est obligatoire de relire voire r\u00e9\u00e9crire son texte. Cette \u00e9tape n&rsquo;est cependant pas suffisante pour corriger toutes les incoh\u00e9rences du manuscrit. Suite \u00e0 cette relecture\/ r\u00e9\u00e9criture, vient l&rsquo;\u00e9tape n\u00e9cessaire de la b\u00eata-lecture. L&rsquo;objectif principal d&rsquo;une b\u00eata-lecture est d&rsquo;avoir l&rsquo;avis d&rsquo;un tiers [&hellip;]<\/p>\n","protected":false},"author":1,"featured_media":0,"parent":0,"menu_order":2,"comment_status":"closed","ping_status":"closed","template":"","meta":{"footnotes":""},"class_list":["post-33","page","type-page","status-publish","hentry"],"_links":{"self":[{"href":"https:\/\/www.betalectrice-alice.fr\/index.php?rest_route=\/wp\/v2\/pages\/33","targetHints":{"allow":["GET"]}}],"collection":[{"href":"https:\/\/www.betalectrice-alice.fr\/index.php?rest_route=\/wp\/v2\/pages"}],"about":[{"href":"https:\/\/www.betalectrice-alice.fr\/index.php?rest_route=\/wp\/v2\/types\/page"}],"author":[{"embeddable":true,"href":"https:\/\/www.betalectrice-alice.fr\/index.php?rest_route=\/wp\/v2\/users\/1"}],"replies":[{"embeddable":true,"href":"https:\/\/www.betalectrice-alice.fr\/index.php?rest_route=%2Fwp%2Fv2%2Fcomments&post=33"}],"version-history":[{"count":8,"href":"https:\/\/www.betalectrice-alice.fr\/index.php?rest_route=\/wp\/v2\/pages\/33\/revisions"}],"predecessor-version":[{"id":115,"href":"https:\/\/www.betalectrice-alice.fr\/index.php?rest_route=\/wp\/v2\/pages\/33\/revisions\/115"}],"wp:attachment":[{"href":"https:\/\/www.betalectrice-alice.fr\/index.php?rest_route=%2Fwp%2Fv2%2Fmedia&parent=33"}],"curies":[{"name":"wp","href":"https:\/\/api.w.org\/{rel}","templated":true}]}}