{"id":40,"date":"2025-04-10T12:14:21","date_gmt":"2025-04-10T10:14:21","guid":{"rendered":"https:\/\/www.betalectrice-alice.fr\/?page_id=40"},"modified":"2025-11-20T12:53:14","modified_gmt":"2025-11-20T11:53:14","slug":"avis","status":"publish","type":"page","link":"https:\/\/www.betalectrice-alice.fr\/?page_id=40","title":{"rendered":"Avis"},"content":{"rendered":"\n<h2 class=\"wp-block-heading has-text-align-center has-vivid-red-color has-text-color has-link-color has-source-serif-pro-font-family wp-elements-eaba3c228088028e3129628013ba19e5\">Les avis de mes clients<\/h2>\n\n\n\n<ul class=\"wp-block-list\"><\/ul>\n\n\n\n<ul class=\"wp-block-list\"><\/ul>\n\n\n\n<details class=\"wp-block-details is-layout-flow wp-block-details-is-layout-flow\"><summary>L&rsquo;avis d&rsquo;Aurore Pr\u00e9vost, finaliste du Prix du roman bien-\u00eatre chez Jouvence, \u00e0 para\u00eetre en octobre 2025.<\/summary>\n<p class=\"has-contrast-color has-text-color has-link-color has-source-serif-pro-font-family wp-elements-b9a8702086aae953ac08ba79ff63362b\">La b\u00eata-lecture d\u2019Alice m\u2019a permis de porter un regard neuf sur mon manuscrit. Gr\u00e2ce \u00e0 ses conseils \u00e0 la fois bienveillants et pr\u00e9cis, j\u2019ai pu affiner mon r\u00e9cit avec davantage de justesse.<br>Laur\u00e9ate du Prix du Roman bien-\u00eatre 2025, je m\u2019appr\u00eate \u00e0 \u00eatre publi\u00e9e, et je mesure ma chance d\u2019avoir pu b\u00e9n\u00e9ficier de son accompagnement avant de soumettre mon roman.\u00a0<br>Je recommande vivement Alice pour la qualit\u00e9 de son regard, son professionnalisme et l\u2019\u00e9nergie positive qu\u2019elle met au service des textes.<\/p>\n\n\n\n<p class=\"has-contrast-color has-text-color has-link-color has-source-serif-pro-font-family wp-elements-f8778e6e5929c4f524b777f7461ccc6a\"><\/p>\n<\/details>\n\n\n\n<details class=\"wp-block-details is-layout-flow wp-block-details-is-layout-flow\"><summary>L&rsquo;avis d&rsquo;Eva Binam\u00e9,&nbsp;autrice de \u00ab\u00a0La trace des \u00e9toiles\u00a0\u00bb et&nbsp;\u00ab\u00a0Le doux parfum de l&rsquo;immortelle\u00a0\u00bb<\/summary>\n<p class=\"has-contrast-color has-text-color has-link-color has-source-serif-pro-font-family wp-elements-7023a0bac2e2762be15d0f29188b373f\">Alice a accueilli mon manuscrit (\u00ab\u00a0le doux parfum de l&rsquo;immortelle\u00a0\u00bb) avec enthousiasme et a \u00e9t\u00e9 le coup de pouce qu\u2019il me fallait pour oser me lancer. Ses encouragements, son appr\u00e9ciation et ses conseils ont \u00e9t\u00e9 pr\u00e9cieux dans cette aventure.<\/p>\n<\/details>\n\n\n\n<ul class=\"wp-block-list\"><\/ul>\n\n\n\n<div class=\"wp-block-group is-nowrap is-layout-flex wp-container-core-group-is-layout-6c531013 wp-block-group-is-layout-flex\">\n<details class=\"wp-block-details is-layout-flow wp-block-details-is-layout-flow\"><summary>L&rsquo;avis de V\u00e9ronique Hi\u00e9lard, autrice auto-\u00e9dit\u00e9e de&nbsp;\u00ab\u00a0L\u00e0 o\u00f9 la vie t&rsquo;attend\u00a0\u00bb et de \u00ab\u00a0Partir un jour\u00a0\u00bb aux \u00e9ditions Eyrolles<\/summary>\n<p>N\u2019h\u00e9sitez pas \u00e0 la contacter si vous doutez avant de vous lancer.<\/p>\n\n\n\n<p class=\"has-source-serif-pro-font-family\">La b\u00eata lecture d\u2019Alice a \u00e9t\u00e9 un moment d\u00e9cisif dans mon processus d\u2019\u00e9criture. Pr\u00e9cise, tant sur la structure que la forme et le contenu. Une bienveillance pleine de professionnalisme. Je ne peux que recommander !<\/p>\n\n\n\n<p>Le roman \u00ab\u00a0Partir un jour\u00a0\u00bb a \u00e9t\u00e9 accept\u00e9 par Eyrolles suite \u00e0 la b\u00eata-lecture.<\/p>\n<\/details>\n\n\n\n<p class=\"has-contrast-color has-text-color has-link-color has-source-serif-pro-font-family wp-elements-f8778e6e5929c4f524b777f7461ccc6a\"><\/p>\n<\/div>\n\n\n\n<ul class=\"wp-block-list\"><\/ul>\n\n\n\n<details class=\"wp-block-details is-layout-flow wp-block-details-is-layout-flow\"><summary>L&rsquo;avis de Marie Villequier, pour son 2e roman, finaliste du prix du livre romanesque des \u00e9ditions Charleston<\/summary>\n<p>Gros coup de c\u0153ur pour cette b\u00eata lecture. Je me consid\u00e8re tr\u00e8s chanceuse d&rsquo;avoir pu b\u00e9n\u00e9ficier de son retour constructif, de son \u0153il d\u00e9guis\u00e9 , de son enthousiasme et de sa belle \u00e9nergie.<\/p>\n<\/details>\n\n\n\n<details class=\"wp-block-details is-layout-flow wp-block-details-is-layout-flow\"><summary>L&rsquo;avis de Lucie Delacroix,&nbsp;autrice de \u00ab\u00a0J&rsquo;avais raison d&rsquo;y croire\u00a0\u00bb , roman auto-\u00e9dit\u00e9<\/summary>\n<p>Je suis tr\u00e8s satisfaite de la b\u00eata-lecture professionnelle r\u00e9alis\u00e9e par Alice. Elle a vraiment contribu\u00e9 \u00e0 am\u00e9liorer la fluidit\u00e9 du roman. La fiche de lecture envoy\u00e9e est compl\u00e8te et tr\u00e8s d\u00e9taill\u00e9e. Bienveillante, disponible et plein de bon conseils, je la recommande chaudement et je ne manquerai pas de faire appel \u00e0 ses services pour les prochains.<\/p>\n\n\n\n<p>Alice, c\u2019est la personne que je ne savais pas qu\u2019il me fallait, mais que je suis si reconnaissante d\u2019avoir rencontr\u00e9e.<\/p>\n<\/details>\n\n\n\n<ul class=\"wp-block-list has-vivid-purple-color has-text-color has-link-color wp-elements-b0fbefc61494145bca50b8b306900723\"><\/ul>\n\n\n\n<div class=\"wp-block-group is-nowrap is-layout-flex wp-container-core-group-is-layout-6c531013 wp-block-group-is-layout-flex\">\n<details class=\"wp-block-details is-layout-flow wp-block-details-is-layout-flow\"><summary>L&rsquo;avis de Marie livresque pour pour 1er roman<\/summary>\n<p>Alice a un franc-parler intelligent, une bienveillance affirm\u00e9e et surtout, une capacit\u00e9 \u00e0 poser les bonnes questions. Des questions qui \u00e9clairent et d\u00e9rangent \u00e0 la fois. Elle m\u2019a demand\u00e9 : Pour qui as-tu \u00e9crit ces pages ? Cette phrase m\u2019a retourn\u00e9e. Parce qu\u2019au fond, je ne m\u2019\u00e9tais jamais pos\u00e9e cette question. Et cette simple r\u00e9flexion a chang\u00e9 ma mani\u00e8re de voir mon texte. Alice m\u2019a oblig\u00e9e \u00e0 me recentrer, \u00e0 comprendre o\u00f9 je voulais aller, et pour qui je voulais que cette histoire existe.<\/p>\n\n\n\n<p class=\"has-source-serif-pro-font-family\">Elle a une mani\u00e8re de travailler qui est \u00e0 la fois m\u00e9thodique et profond\u00e9ment humaine. Elle ne te m\u00e2che pas le travail \u2013 au contraire, elle te pousse \u00e0 r\u00e9fl\u00e9chir par toi-m\u00eame, \u00e0 trouver tes r\u00e9ponses. Mais elle le fait avec une telle justesse qu\u2019au final, tu te sens guid\u00e9e sans jamais te sentir enferm\u00e9e.<\/p>\n\n\n\n<p>Soumettre son texte \u00e0 une b\u00eata-lecture, c\u2019est accepter de prendre des coups, mais aussi de grandir. Et je ne peux que vous recommander Alice si vous avez un projet d\u2019\u00e9criture. Elle fait plus que lire : elle \u00e9claire. Elle d\u00e9cortique. Et que tu es englouti par les doutes, crois-moi que c&rsquo;est rassurant.&nbsp;<\/p>\n<\/details>\n<\/div>\n\n\n\n<ul class=\"wp-block-list\"><\/ul>\n\n\n\n<ul class=\"wp-block-list\"><\/ul>\n\n\n\n<details class=\"wp-block-details is-layout-flow wp-block-details-is-layout-flow\"><summary>L&rsquo;avis de Lo\u00efc Poncelet pour son 2e roman<\/summary>\n<p>Je tiens \u00e0 remercier Alice pour sa lecture attentive et sa critique \u00e9clair\u00e9e. Ses remarques sont \u00e0 la fois pertinentes&nbsp;et tr\u00e8s constructives. J\u2019appr\u00e9cie particuli\u00e8rement la fiche de lecture qui permet de pointer rapidement les forces et faiblesses du manuscrit.&nbsp;<\/p>\n\n\n\n<p>Je peux maintenant voir mon texte sous un nouvel angle, avec des pistes concr\u00e8tes pour le rendre plus abouti et plus proche d\u2019une version \u00e0 pr\u00e9senter \u00e0 un \u00e9diteur.<\/p>\n<\/details>\n\n\n\n<p><\/p>\n","protected":false},"excerpt":{"rendered":"<p>Les avis de mes clients<\/p>\n","protected":false},"author":1,"featured_media":0,"parent":0,"menu_order":5,"comment_status":"closed","ping_status":"closed","template":"","meta":{"footnotes":""},"class_list":["post-40","page","type-page","status-publish","hentry"],"_links":{"self":[{"href":"https:\/\/www.betalectrice-alice.fr\/index.php?rest_route=\/wp\/v2\/pages\/40","targetHints":{"allow":["GET"]}}],"collection":[{"href":"https:\/\/www.betalectrice-alice.fr\/index.php?rest_route=\/wp\/v2\/pages"}],"about":[{"href":"https:\/\/www.betalectrice-alice.fr\/index.php?rest_route=\/wp\/v2\/types\/page"}],"author":[{"embeddable":true,"href":"https:\/\/www.betalectrice-alice.fr\/index.php?rest_route=\/wp\/v2\/users\/1"}],"replies":[{"embeddable":true,"href":"https:\/\/www.betalectrice-alice.fr\/index.php?rest_route=%2Fwp%2Fv2%2Fcomments&post=40"}],"version-history":[{"count":13,"href":"https:\/\/www.betalectrice-alice.fr\/index.php?rest_route=\/wp\/v2\/pages\/40\/revisions"}],"predecessor-version":[{"id":144,"href":"https:\/\/www.betalectrice-alice.fr\/index.php?rest_route=\/wp\/v2\/pages\/40\/revisions\/144"}],"wp:attachment":[{"href":"https:\/\/www.betalectrice-alice.fr\/index.php?rest_route=%2Fwp%2Fv2%2Fmedia&parent=40"}],"curies":[{"name":"wp","href":"https:\/\/api.w.org\/{rel}","templated":true}]}}