{"id":42,"date":"2025-04-10T12:00:53","date_gmt":"2025-04-10T10:00:53","guid":{"rendered":"https:\/\/www.betalectrice-alice.fr\/?page_id=42"},"modified":"2025-11-20T12:53:14","modified_gmt":"2025-11-20T11:53:14","slug":"tarifs","status":"publish","type":"page","link":"https:\/\/www.betalectrice-alice.fr\/?page_id=42","title":{"rendered":"Tarifs"},"content":{"rendered":"\n<h2 class=\"wp-block-heading has-text-align-center has-vivid-red-color has-text-color has-link-color wp-elements-bd66340a93c5fa82f77c7e3c7ed95448\">Mes tarifs<\/h2>\n\n\n\n<p class=\"has-text-align-center has-source-serif-pro-font-family\">Suite \u00e0 la lecture de ton roman, je propose un \u00e9change t\u00e9l\u00e9phonique d&rsquo;une heure environ sur lequel je reviendrais sur les pistes d&rsquo;am\u00e9lioration pour ton manuscrit.&nbsp;<\/p>\n\n\n\n<p class=\"has-text-align-center has-source-serif-pro-font-family\">Par la suite, je t&rsquo;enverrais une note avec le d\u00e9tail des pistes \u00e0 am\u00e9liorer et les incoh\u00e9rences ou questions que je me suis pos\u00e9e \u00e0 la lecture, page par page.<\/p>\n\n\n\n<p class=\"has-text-align-center has-source-serif-pro-font-family\">Devis gratuit sur demande.<\/p>\n\n\n\n<p class=\"has-text-align-center has-source-serif-pro-font-family\">Paiement uniquement par virement bancaire, 50% \u00e0 l&rsquo;envoi du manuscrit, 50% \u00e0 la fin de la b\u00eata-lecture.<\/p>\n\n\n\n<p>Pour tout renseignement ou demande de devis n&rsquo;h\u00e9sitez \u00e0 me contacter par mail ou via le formulaire de contact.<\/p>\n\n\n\n<p><\/p>\n","protected":false},"excerpt":{"rendered":"<p>Mes tarifs Suite \u00e0 la lecture de ton roman, je propose un \u00e9change t\u00e9l\u00e9phonique d&rsquo;une heure environ sur lequel je reviendrais sur les pistes d&rsquo;am\u00e9lioration pour ton manuscrit.&nbsp; Par la suite, je t&rsquo;enverrais une note avec le d\u00e9tail des pistes \u00e0 am\u00e9liorer et les incoh\u00e9rences ou questions que je me suis pos\u00e9e \u00e0 la lecture, [&hellip;]<\/p>\n","protected":false},"author":1,"featured_media":0,"parent":0,"menu_order":6,"comment_status":"closed","ping_status":"closed","template":"","meta":{"footnotes":""},"class_list":["post-42","page","type-page","status-publish","hentry"],"_links":{"self":[{"href":"https:\/\/www.betalectrice-alice.fr\/index.php?rest_route=\/wp\/v2\/pages\/42","targetHints":{"allow":["GET"]}}],"collection":[{"href":"https:\/\/www.betalectrice-alice.fr\/index.php?rest_route=\/wp\/v2\/pages"}],"about":[{"href":"https:\/\/www.betalectrice-alice.fr\/index.php?rest_route=\/wp\/v2\/types\/page"}],"author":[{"embeddable":true,"href":"https:\/\/www.betalectrice-alice.fr\/index.php?rest_route=\/wp\/v2\/users\/1"}],"replies":[{"embeddable":true,"href":"https:\/\/www.betalectrice-alice.fr\/index.php?rest_route=%2Fwp%2Fv2%2Fcomments&post=42"}],"version-history":[{"count":7,"href":"https:\/\/www.betalectrice-alice.fr\/index.php?rest_route=\/wp\/v2\/pages\/42\/revisions"}],"predecessor-version":[{"id":131,"href":"https:\/\/www.betalectrice-alice.fr\/index.php?rest_route=\/wp\/v2\/pages\/42\/revisions\/131"}],"wp:attachment":[{"href":"https:\/\/www.betalectrice-alice.fr\/index.php?rest_route=%2Fwp%2Fv2%2Fmedia&parent=42"}],"curies":[{"name":"wp","href":"https:\/\/api.w.org\/{rel}","templated":true}]}}